{"id":10103,"date":"2017-05-22T00:01:22","date_gmt":"2017-05-21T22:01:22","guid":{"rendered":"http:\/\/www.jastrzebie.lask.com.pl\/?page_id=10103"},"modified":"2017-05-29T22:16:27","modified_gmt":"2017-05-29T20:16:27","slug":"vii-supermaraton","status":"publish","type":"page","link":"https:\/\/www.jastrzebie.lask.com.pl\/index.php\/vii-supermaraton\/","title":{"rendered":"VII Supermaraton"},"content":{"rendered":"<p><a href=\"http:\/\/www.jastrzebie.lask.com.pl\/wp-content\/uploads\/2017\/05\/PLAKAT4-1.png\"><img loading=\"lazy\" decoding=\"async\" class=\"alignleft size-medium wp-image-10014\" src=\"http:\/\/www.jastrzebie.lask.com.pl\/wp-content\/uploads\/2017\/05\/PLAKAT4-1-212x300.png\" alt=\"PLAKAT4\" width=\"212\" height=\"300\" srcset=\"https:\/\/www.jastrzebie.lask.com.pl\/wp-content\/uploads\/2017\/05\/PLAKAT4-1-212x300.png 212w, https:\/\/www.jastrzebie.lask.com.pl\/wp-content\/uploads\/2017\/05\/PLAKAT4-1-768x1086.png 768w, https:\/\/www.jastrzebie.lask.com.pl\/wp-content\/uploads\/2017\/05\/PLAKAT4-1-724x1024.png 724w, https:\/\/www.jastrzebie.lask.com.pl\/wp-content\/uploads\/2017\/05\/PLAKAT4-1-141x200.png 141w\" sizes=\"auto, (max-width: 212px) 100vw, 212px\" \/><\/a><br \/>\nZapraszamy na <strong>VII Supermaraton Jastrz\u0119bi \u0141askich<\/strong> rozgrywany\u00a0w cyklu \u201ePucharu Polski w Szosowych Maratonach Rowerowych 2017\u201d.<\/p>\n<p>Zawody odb\u0119d\u0105 si\u0119\u00a0w dniu <strong>4\u00a0czerwca 2017<\/strong>\u00a0w \u0141asku, na zasadach analogicznych jak w latach ubieg\u0142ych.<\/p>\n<p>Drogi asfaltowe \u2013 p\u0142askie, jedzenie smaczne, napoje z minera\u0142ami z Koreba, ciekawe upominki od sponsor\u00f3w, zam\u00f3wiona \u0142adna pogoda, dzie\u0144 wcze\u015bniej bardzo rozrywkowy Jarmark \u0141aski.<br \/>\nDo wyboru trzy dystanse pucharowe (Mini 73km, Mega 146km i Giga 219km) oraz dwa dystanse Rodzinne\u00a0&#8211; oko\u0142o 18km i 36km.<\/p>\n<p><a title=\"Zapisy\" href=\"http:\/\/zapisy.time2win.pl\/games\/p_view\/54\">Zapisy<\/a><br \/>\n<a href=\"http:\/\/www.jastrzebie.lask.com.pl\/wp-content\/uploads\/2017\/03\/Komunikat%20techniczny%202017.pdf\">Komunikat techniczny<\/a><br \/>\n<a title=\"Noclegi\" href=\"http:\/\/www.jastrzebie.lask.com.pl\/index.php\/noclegi\/\">Baza noclegowa<\/a><br \/>\n<a title=\"Trasa\" href=\"http:\/\/www.jastrzebie.lask.com.pl\/index.php\/vii-supermaraton\/trasa\/\">Trasa &#8211; Mini, Mega, Giga<\/a><br \/>\n<a title=\"Trasa Rodzinny\" href=\"https:\/\/www.bikemap.net\/pl\/route\/4020991-vii-supermaraton-jastrzebi-laskich-rodzinny\/\">Trasa &#8211; Rodzinny<\/a><br \/>\n<a title=\"Sponsorzy\" href=\"http:\/\/www.jastrzebie.lask.com.pl\/index.php\/vii-supermaraton\/sponsorzy\/\"><strong>Sponsorzy<\/strong><\/a><\/p>\n<p><a href=\"http:\/\/www.jastrzebie.lask.com.pl\/wp-content\/uploads\/2017\/05\/oswiadczenie_pelnoletni_ok2017.pdf\">O\u015bwiadczenie uczestnika pe\u0142noletniego<\/a><br \/>\n<a href=\"http:\/\/www.jastrzebie.lask.com.pl\/wp-content\/uploads\/2017\/05\/oswiadczenie_opiekun_niepelnoletniego_ok2017.pdf\">O\u015bwiadczenie opiekuna osoby niepe\u0142noletniej<\/a><br \/>\n<a href=\"http:\/\/www.jastrzebie.lask.com.pl\/wp-content\/uploads\/2017\/05\/pozwolenie_niepelnoletni_ok2017.pdf\">Pozwolenie na start osoby niepe\u0142noletniej<\/a><\/p>\n<p>&nbsp;<\/p>\n","protected":false},"excerpt":{"rendered":"<p>Zapraszamy na VII Supermaraton Jastrz\u0119bi \u0141askich rozgrywany\u00a0w cyklu \u201ePucharu Polski w Szosowych Maratonach Rowerowych 2017\u201d. Zawody odb\u0119d\u0105 si\u0119\u00a0w dniu 4\u00a0czerwca 2017\u00a0w \u0141asku, na zasadach analogicznych jak w latach ubieg\u0142ych. Drogi asfaltowe \u2013 p\u0142askie, jedzenie smaczne, napoje z minera\u0142ami z Koreba, &hellip; <a href=\"https:\/\/www.jastrzebie.lask.com.pl\/index.php\/vii-supermaraton\/\">Czytaj dalej <span class=\"meta-nav\">&rarr;<\/span><\/a><\/p>\n","protected":false},"author":1,"featured_media":0,"parent":0,"menu_order":0,"comment_status":"closed","ping_status":"closed","template":"","meta":{"footnotes":""},"class_list":["post-10103","page","type-page","status-publish","hentry"],"_links":{"self":[{"href":"https:\/\/www.jastrzebie.lask.com.pl\/index.php\/wp-json\/wp\/v2\/pages\/10103","targetHints":{"allow":["GET"]}}],"collection":[{"href":"https:\/\/www.jastrzebie.lask.com.pl\/index.php\/wp-json\/wp\/v2\/pages"}],"about":[{"href":"https:\/\/www.jastrzebie.lask.com.pl\/index.php\/wp-json\/wp\/v2\/types\/page"}],"author":[{"embeddable":true,"href":"https:\/\/www.jastrzebie.lask.com.pl\/index.php\/wp-json\/wp\/v2\/users\/1"}],"replies":[{"embeddable":true,"href":"https:\/\/www.jastrzebie.lask.com.pl\/index.php\/wp-json\/wp\/v2\/comments?post=10103"}],"version-history":[{"count":3,"href":"https:\/\/www.jastrzebie.lask.com.pl\/index.php\/wp-json\/wp\/v2\/pages\/10103\/revisions"}],"predecessor-version":[{"id":10238,"href":"https:\/\/www.jastrzebie.lask.com.pl\/index.php\/wp-json\/wp\/v2\/pages\/10103\/revisions\/10238"}],"wp:attachment":[{"href":"https:\/\/www.jastrzebie.lask.com.pl\/index.php\/wp-json\/wp\/v2\/media?parent=10103"}],"curies":[{"name":"wp","href":"https:\/\/api.w.org\/{rel}","templated":true}]}}