{"id":10108,"date":"2017-05-22T00:04:43","date_gmt":"2017-05-21T22:04:43","guid":{"rendered":"http:\/\/www.jastrzebie.lask.com.pl\/?page_id=10108"},"modified":"2017-06-03T23:20:31","modified_gmt":"2017-06-03T21:20:31","slug":"sponsorzy","status":"publish","type":"page","link":"https:\/\/www.jastrzebie.lask.com.pl\/index.php\/vii-supermaraton\/sponsorzy\/","title":{"rendered":"Sponsorzy"},"content":{"rendered":"<ul>\n<li>Spedimex <a href=\"http:\/\/www.spedimex.pl\/pl\/\">http:\/\/www.spedimex.pl\/pl\/<\/a><\/li>\n<li>Kastor <a href=\"http:\/\/kastor.pl\/pl\/\">http:\/\/kastor.pl\/pl\/<\/a><\/li>\n<li>BOMAZ Hurtownia Spo\u017cywcza, Zdu\u0144ska Wola<\/li>\n<li>Mykogen <a href=\"http:\/\/mykogen.pl\/pl\/home\/\">http:\/\/mykogen.pl\/pl\/home\/<\/a><\/li>\n<li>Sklepy Alpina <a href=\"http:\/\/www.bike-zone.pl\/\">http:\/\/www.bike-zone.pl\/<\/a><\/li>\n<li>Tenderenda <a href=\"http:\/\/tenderenda.pl\/uprawa-pieczarek-tenderenda\/\">http:\/\/tenderenda.pl\/uprawa-pieczarek-tenderenda\/<\/a><\/li>\n<li>Over Group <a href=\"http:\/\/www.over-cosmetics.pl\/#!\/\">http:\/\/www.over-cosmetics.pl\/#!\/<\/a><\/li>\n<li>Stosbud <a href=\"http:\/\/www.stos-bud.pl\/\">http:\/\/www.stos-bud.pl\/<\/a><\/li>\n<li>Kawiks <a href=\"http:\/\/www.kawiks.com.pl\/home.html\">http:\/\/www.kawiks.com.pl\/home.html<\/a><\/li>\n<li>Columna Medica <a href=\"http:\/\/columnamedica.pl\/\">http:\/\/columnamedica.pl\/<\/a><\/li>\n<li>Zak\u0142ad Cukierniczy Bladowski <a href=\"http:\/\/www.bladowski.com.pl\/\">http:\/\/www.bladowski.com.pl\/<\/a><\/li>\n<li>Wawsk\u00f3r II <a href=\"http:\/\/www.maluch.webd.pl\/waskor\/index.html\">http:\/\/www.maluch.webd.pl\/waskor\/index.html<\/a><\/li>\n<li>K\u0119pa Grzegorz Zak\u0142ad W\u0119dliniarski i Ubojnia, Czestk\u00f3w B<\/li>\n<li>TINER <a href=\"http:\/\/www.tiner.pl\">http:\/\/www.tiner.pl<\/a><\/li>\n<li>M.M. Retrofabryka Mateusz Majcherczyk <a href=\"http:\/\/www.mmretrofabryka.pl\">www.mmretrofabryka.pl<\/a><\/li>\n<li>Time2Win <a href=\"http:\/\/time2win.pl\/\">http:\/\/time2win.pl\/<\/a><\/li>\n<li>PEC \u0141ask<\/li>\n<li>MPWiK \u0141ask <a href=\"https:\/\/www.mpwik-lask.pl\/\">https:\/\/www.mpwik-lask.pl\/<\/a><\/li>\n<li>AMPO <a href=\"http:\/\/www.ampo.pl\/\">http:\/\/www.ampo.pl\/<\/a><\/li>\n<li>Reklama od A do Z <a href=\"https:\/\/reklama-odadoz.home.pl\/\">https:\/\/reklama-odadoz.home.pl\/<\/a><\/li>\n<li>MotoPasja <a href=\"https:\/\/www.facebook.com\/Grupa-Motocyklowa-APC-Moto-Pasja-650050658352805\/\">https:\/\/www.facebook.com\/Grupa-Motocyklowa-APC-Moto-Pasja-650050658352805\/<\/a><\/li>\n<li>Browar Koreb <a href=\"https:\/\/www.facebook.com\/browarkoreb\/\">https:\/\/www.facebook.com\/browarkoreb\/<\/a><\/li>\n<li>Goggle <a href=\"http:\/\/goggle.pl\/pl\">http:\/\/goggle.pl\/pl<\/a><\/li>\n<li>Prostaf <a href=\"http:\/\/sklep.prostaf.pl\/\">http:\/\/sklep.prostaf.pl\/<\/a><\/li>\n<li>Gospodarstwo Rolne Mieczys\u0142aw Dynary\u0144ski Pawlikowice<\/li>\n<li>DOREX Piotr \u0141utek <a href=\"http:\/\/www.dorex.pl\/\">http:\/\/www.dorex.pl\/<\/a>.<\/li>\n<li>Grzegorz Stolarek z \u0141asku<\/li>\n<li>\u0141ukasz Warzocha CUK Ubezpieczenia O\/\u0141ask <a href=\"https:\/\/cuk.pl\/placowki\/cuk_ubezpieczenia_lask\">https:\/\/cuk.pl\/placowki\/cuk_ubezpieczenia_lask<\/a><\/li>\n<li>Henryk Tuszy\u0144ski z \u0141asku<\/li>\n<li>Uprawa Pieczarek Sebastian Markiewicz <a href=\"http:\/\/www.markiewiczpieczarki.pl\/\">http:\/\/www.markiewiczpieczarki.pl\/<\/a><\/li>\n<li>Sklep Outlet ADG RTV w \u0141asku, ul. 9 Maja 33 <a href=\"http:\/\/outletagdrtv.pl\/\">http:\/\/outletagdrtv.pl\/<\/a><\/li>\n<li>Jacek Mielczarek z \u0141asku<\/li>\n<\/ul>\n","protected":false},"excerpt":{"rendered":"<p>Spedimex http:\/\/www.spedimex.pl\/pl\/ Kastor http:\/\/kastor.pl\/pl\/ BOMAZ Hurtownia Spo\u017cywcza, Zdu\u0144ska Wola Mykogen http:\/\/mykogen.pl\/pl\/home\/ Sklepy Alpina http:\/\/www.bike-zone.pl\/ Tenderenda http:\/\/tenderenda.pl\/uprawa-pieczarek-tenderenda\/ Over Group http:\/\/www.over-cosmetics.pl\/#!\/ Stosbud http:\/\/www.stos-bud.pl\/ Kawiks http:\/\/www.kawiks.com.pl\/home.html Columna Medica http:\/\/columnamedica.pl\/ Zak\u0142ad Cukierniczy Bladowski http:\/\/www.bladowski.com.pl\/ Wawsk\u00f3r II http:\/\/www.maluch.webd.pl\/waskor\/index.html K\u0119pa Grzegorz Zak\u0142ad W\u0119dliniarski i Ubojnia, Czestk\u00f3w &hellip; <a href=\"https:\/\/www.jastrzebie.lask.com.pl\/index.php\/vii-supermaraton\/sponsorzy\/\">Czytaj dalej <span class=\"meta-nav\">&rarr;<\/span><\/a><\/p>\n","protected":false},"author":1,"featured_media":0,"parent":10103,"menu_order":0,"comment_status":"closed","ping_status":"closed","template":"","meta":{"footnotes":""},"class_list":["post-10108","page","type-page","status-publish","hentry"],"_links":{"self":[{"href":"https:\/\/www.jastrzebie.lask.com.pl\/index.php\/wp-json\/wp\/v2\/pages\/10108","targetHints":{"allow":["GET"]}}],"collection":[{"href":"https:\/\/www.jastrzebie.lask.com.pl\/index.php\/wp-json\/wp\/v2\/pages"}],"about":[{"href":"https:\/\/www.jastrzebie.lask.com.pl\/index.php\/wp-json\/wp\/v2\/types\/page"}],"author":[{"embeddable":true,"href":"https:\/\/www.jastrzebie.lask.com.pl\/index.php\/wp-json\/wp\/v2\/users\/1"}],"replies":[{"embeddable":true,"href":"https:\/\/www.jastrzebie.lask.com.pl\/index.php\/wp-json\/wp\/v2\/comments?post=10108"}],"version-history":[{"count":11,"href":"https:\/\/www.jastrzebie.lask.com.pl\/index.php\/wp-json\/wp\/v2\/pages\/10108\/revisions"}],"predecessor-version":[{"id":10345,"href":"https:\/\/www.jastrzebie.lask.com.pl\/index.php\/wp-json\/wp\/v2\/pages\/10108\/revisions\/10345"}],"up":[{"embeddable":true,"href":"https:\/\/www.jastrzebie.lask.com.pl\/index.php\/wp-json\/wp\/v2\/pages\/10103"}],"wp:attachment":[{"href":"https:\/\/www.jastrzebie.lask.com.pl\/index.php\/wp-json\/wp\/v2\/media?parent=10108"}],"curies":[{"name":"wp","href":"https:\/\/api.w.org\/{rel}","templated":true}]}}