{"id":1608,"date":"2012-08-29T08:49:55","date_gmt":"2012-08-29T08:49:55","guid":{"rendered":"http:\/\/www.jastrzebie.lask.com.pl\/?page_id=1608"},"modified":"2012-09-28T08:53:56","modified_gmt":"2012-09-28T08:53:56","slug":"regulaminmt","status":"publish","type":"page","link":"https:\/\/www.jastrzebie.lask.com.pl\/index.php\/archiwum\/ii-maraton-mtb\/regulaminmt\/","title":{"rendered":"Regulamin"},"content":{"rendered":"<p><a title=\"Regulamin II Maratonu MTB Jastrz\u0119bi \u0141askich\" href=\"http:\/\/www.jastrzebie.lask.com.pl\/wp-content\/uploads\/2012\/08\/regulamin_mtb2012.pdf\" target=\"_blank\"><\/a>Regulamin II Maratonu MTB Jastrz\u0119bi \u0141askich<\/p>\n<p><strong>1. ORGANIZATOR<\/strong><br \/>\nKlub Rowerowy \u201eJastrz\u0119bie \u0141askie\u201d<\/p>\n<p><strong>2. KOMITET ORGANIZACYJNY<br \/>\n<\/strong>Komandor \u2013 Roman Hajzler<br \/>\nS\u0119dzia g\u0142\u00f3wny \u2013 Pawe\u0142 Cichy<br \/>\nSzef Trasy \u2013 Bartosz Wojtas<\/p>\n<p>Wp\u00f3\u0142praca:<br \/>\n&#8211; Tomasz Misztalski<br \/>\n&#8211;\t Pawe\u0142 Lis<br \/>\n&#8211; \tGrzegorz Stolarek<\/p>\n<p><strong>3. PROGRAM ZAWOD\u00d3W<br \/>\n<\/strong>I Maraton MTB Jastrz\u0119bi \u0141askich odb\u0119dzie si\u0119 w dniu 30.09.2012r.<\/p>\n<p>Biuro zawod\u00f3w oraz start i meta w \u0141asku na terenie\u00a0OSiR przy ul. Armii Krajowej 5a,<br \/>\n29 wrze\u015bnia (sobota) 2012 rgodz. 18.00 \u2013 20.00 \u2013 wydawanie pakiet\u00f3w startowych oraz zapisy w biurze zawod\u00f3w<\/p>\n<p>30 wrze\u015bnia (niedziela) 2012 r<br \/>\ngodz. 7.00 &#8211; 10.00 \u2013 zapisy i wydawanie pakiet\u00f3w startowych<br \/>\ngodz. 10:15 \u2013 kr\u00f3tka odprawa techniczna<br \/>\ngodz. 11:00 \u2013 start dystansu mega<br \/>\ngodz. 11:15 \u2013 start dystansu mini<br \/>\ngodz. 12:30 \u2013 13:00 \u2013 wjazd pierwszych zawodnik\u00f3w z dystansu mini<br \/>\ngodz. 14:00 \u2013 wjazd pierwszych zawodnik\u00f3w z dystansu mega<br \/>\ngodz. 16:00 \u2013 wyniki i dekoracja dystansu mini<br \/>\ngodz. 16:30 \u2013 wyniki i dekoracja dystansu mega<br \/>\ngodz. 17:00 \u2013 konkurs dla wszystkich uczestnik\u00f3w z nagrodami i upominkami &#8230;bezpo\u015brednio po dekoracjach Jastrz\u0119bie \u0141askie oraz Browar KOREB zapraszaj\u0105 na ognisko\u2026<\/p>\n<p><strong>4. TRASA SUPERMARATONU I SPOS\u00d3B PRZEPROWADZENIA ZAWOD\u00d3W<br \/>\n<\/strong>Trasa zawod\u00f3w wymaga bardzo dobrej zaprawy w turystyce rowerowej. Trasa maratonu liczy oko\u0142o 75 km (mega) i 40 km (mini). Organizator zastrzega sobie prawo do zmiany trasy. Uczestnicy maratonu, kt\u00f3rzy z jakich\u015b powod\u00f3w b\u0119d\u0105 zmuszeni przerwa\u0107 jazd\u0119, wracaj\u0105 samodzielnie do bazy maratonu.<br \/>\nNa trasie kr\u00f3tkiej p\u0119tli maratonu znajduje si\u0119 1 punkt kontrolny i 1 punkt \u017cywieniowy, &#8211; na d\u0142ugiej p\u0119tli znajduj\u0105 si\u0119 2 punkty kontrolny i 2 punkty \u017cywieniowe. Trasa oznaczona b\u0119dzie wg standard\u00f3w przyj\u0119tych na Maratonach Pucharu Polski (strza\u0142ki przyklejane do drzew i kolorowe ta\u015bmy w wymagaj\u0105cych tego miejscach). Wy\u015bcig odbywa\u0107 si\u0119 b\u0119dzie cz\u0119\u015bciowo po drogach publicznych \u2013 przy otwartym ruchu drogowym. Ka\u017cdy z uczestnik\u00f3w zobowi\u0105zany jest do przestrzegania przepis\u00f3w ruchu drogowego.<\/p>\n<p><strong>5. \u015aWIADCZENIA I NAGRODY DLA UCZESTNIK\u00d3W<br \/>\n<\/strong>Ka\u017cdy uczestnik, kt\u00f3ry przejedzie jeden z dw\u00f3ch dystans\u00f3w, otrzymuje okoliczno\u015bciowy medal.\u00a0Pierwsze trzy osoby w poszczeg\u00f3lnych kategoriach otrzymaj\u0105 wyr\u00f3\u017cnienie w postaci statuetki &#8211; pucharu. Wszystkie nagrody \u2013 upominki zostan\u0105 rozlosowane w\u015br\u00f3d obecnych na zako\u0144czeniu uczestnik\u00f3w. Udzia\u0142 w losowaniu nagr\u00f3d mog\u0105 wzi\u0105\u0107 osoby kt\u00f3re:<br \/>\n&#8211; s\u0105 obecne na losowaniu<br \/>\n&#8211; uko\u0144czy\u0142y wy\u015bcig na zadeklarowanym dystansie do godziny 16:00 dnia 30 wrze\u015bnia 2012 roku.<\/p>\n<p>Ponadto w ramach wpisowego organizator zapewnia:<br \/>\n&#8211; oznakowan\u0105 tras\u0119<br \/>\n&#8211; elektroniczny pomiar czasu<br \/>\n&#8211; SMS z uzyskanym wynikiem<br \/>\n&#8211; numer startowy<br \/>\n&#8211; podstawowe ubezpieczenie NNW<br \/>\n&#8211; wod\u0119 i \u017cywno\u015b\u0107 na punktach \u017cywieniowych<br \/>\n&#8211; gor\u0105cy posi\u0142ek<br \/>\n&#8211; komunikat techniczny<br \/>\n&#8211; opiek\u0119 medyczn\u0105<\/p>\n<p>Uwaga! Organizatorzy przewiduj\u0105 start do 300 zawodnik\u00f3w, kt\u00f3rzy dokonaj\u0105 wp\u0142aty wpisowego w terminie do 30.09.2012, godz. 10:00.<\/p>\n<p><strong>6. WPISOWE I ZG\u0141OSZENIA<br \/>\n<\/strong>Koszt uczestnictwa w maratonie MTB wynosi:<br \/>\n45 z\u0142 dla wp\u0142at dokonanych do dnia 22.09.2012;<br \/>\n55 z\u0142 dla wp\u0142at dokonanych w dniach 23 &#8211; 29.09.2012;<br \/>\n65 z\u0142 dla wp\u0142at got\u00f3wkowych dokonanych w dniu zawod\u00f3w.<\/p>\n<p>UWAGA! Z wp\u0142at zwolnione s\u0105 osoby kt\u00f3re uko\u0144czy\u0142y 70 lat. Zg\u0142oszenia udzia\u0142u w maratonie i op\u0142aty za wpisowe mo\u017cna dokona\u0107 do dnia odbycia si\u0119 maratonu w\u0142\u0105cznie (tj. 30.09. 2012, godz. 10:00). Potwierdzenie wcze\u015bniej dokonanej wp\u0142aty nale\u017cy przedstawi\u0107 w biurze zawod\u00f3w o ile na li\u015bcie startowej brak jest potwierdzenia o dokonanej wp\u0142acie. W przypadku rezygnacji ze startu w terminie do 14 dni przed maratonem tj. do 14.09.2012, organizator zwraca 50% wpisowego.\u00a0W przypadku rezygnacji ze startu na mniej ni\u017c 14 dni przed maratonem organizator nie zwraca wpisowego. Zapisy i rezygnacja przyjmowane s\u0105 wy\u0142\u0105cznie poprzez formularz zg\u0142oszeniowy na stronie maratonu.\u00a0Wp\u0142aty prosimy dokonywa\u0107 na konto:<\/p>\n<p>Klub Rowerowy \u201eJastrz\u0119bie \u0141askie\u201d<br \/>\nul. Armii Krajowej 5a, 98-100 \u0141ask<br \/>\nnr 40 2030 0045 1110 0000 0205 8210<br \/>\nz dopiskiem (tytu\u0142em): \u201dMARATON MTB \u2013 imi\u0119 i nazwisko zawodnika\u201d<\/p>\n<p>Ka\u017cdy pe\u0142noletni zawodnik zobowi\u0105zany jest do z\u0142o\u017cenia o\u015bwiadczenia o tre\u015bci podanej w za\u0142\u0105czniku. Zawodnik niepe\u0142noletni zobowi\u0105zany jest do z\u0142o\u017cenia o\u015bwiadczenia rodzic\u00f3w (opiekun\u00f3w), r\u00f3wnie\u017c wg. za\u0142\u0105czonego wzoru.<\/p>\n<p><strong>7. KATEGORIE WIEKOWE<\/strong><\/p>\n<p>1. Kobiety:<br \/>\nJuniorki \u2013 od 15 do 18 lat<br \/>\nElita \u2013 od 19 do 30 lat<br \/>\nSenior \u2013 od 31 do 45 lat<br \/>\nMaster \u2013 powy\u017cej 45 lat<br \/>\n2. M\u0119\u017cczy\u017ani:<br \/>\nJuniorzy \u2013 od 15 do 18 lat<br \/>\nElita \u2013 od 19 do 30 lat<br \/>\nSenior \u2013 od\u00a0 31 do 45 lat<br \/>\nMaster \u2013 powy\u017cej 45 lat<\/p>\n<p>W klasyfikacjach uwzgl\u0119dnione zostan\u0105 r\u00f3wnie\u017c kategorie:<br \/>\nOPEN Panie i OPEN Panowie<\/p>\n<p><strong>8. POSTANOWIENIA KO\u0143COWE<br \/>\n<\/strong>Kwestie nie uj\u0119te w niniejszym regulaminie, rozstrzyga na bie\u017c\u0105co Organizator..<\/p>\n<p><strong>9. KONTAKT<br \/>\n<\/strong>Roman Hajzler tel. +48 790446217<br \/>\nPawe\u0142 Cichy tel. +48 603 504 923<br \/>\nBartosz Wojtas \u00a0tel. + 48 601165169<br \/>\ne-mail: jastrzebie@lask.com.pl<\/p>\n<p>Organizator zastrzega sobie prawo do drobnych zmian regulaminu. Wszystkie aktualne informacje podane b\u0119d\u0105 na stronie internetowej Klubu Rowerowego Jastrz\u0119bi \u0141askich &#8211; www.jastrzebie.lask.com.pl<\/p>\n<p><strong>10. UWAGI KO\u0143COWE<\/strong><\/p>\n<p><strong> <\/strong><\/p>\n<p><strong> <\/strong>ZASADY FAIR-PLAY<br \/>\nUczestnicy zobowi\u0105zani s\u0105 do poruszania si\u0119 jedynie po oznakowanej trasie.Samowolna zmiana trasy grozi dyskwalifikacj\u0105 zawodnika.Wolniejszy zawodnik powinien ust\u0105pi\u0107 szybszemu na trasie.Zawodnik musi zachowa\u0107 szczeg\u00f3ln\u0105 uwag\u0119 w miejscach szczeg\u00f3lnie trudnych technicznie lub gdy zbli\u017ca si\u0119 do skrzy\u017cowania.Uczestnicy musz\u0105 liczy\u0107 si\u0119 z przerwaniem jazdy przez innych uczestnik\u00f3w podczas stromych podjazd\u00f3w lub zjazd\u00f3w.\u00a0Naprawa roweru powinna by\u0107 przeprowadzona poza tras\u0105, ale w obr\u0119bie widoczno\u015bci szlaku.Podczas sprintu finiszowego zawodnik musi utrzymywa\u0107 si\u0119 na swoim torze jazdy.Przewidziane jest wr\u0119czanie nagrody Fair-Play. Nominacje do niej nale\u017cy zg\u0142asza\u0107 do biura zawod\u00f3w najp\u00f3\u017aniej w dniu maratonu.<\/p>\n<p>Zawodnicy zobowi\u0105zani s\u0105 do przestrzegania przepis\u00f3w ruchu drogowego.<\/p>\n<p>KARY<br \/>\nW przypadku naruszenia Regulaminu S\u0119dzia G\u0142\u00f3wny mo\u017ce zas\u0105dzi\u0107 nast\u0119puj\u0105ce kary:- Upomnienie.- Kara czasowa (doliczenie do czasu zawodnika): 5, 10 lub 20 minut.- Dyskwalifikacja.Powsta\u0142e kwestie sporne rozstrzyga S\u0119dzia G\u0142\u00f3wny w porozumieniu Organizatorem<\/p>\n<p>OCHRONA \u015aRODOWISKA<br \/>\nZawodnicy musz\u0105 szanowa\u0107 \u015brodowisko naturalne i bezwzgl\u0119dnie nie mog\u0105 zanieczyszcza\u0107 trasy maratonu poza wyznaczonymi strefami bufetu. Za\u015bmiecanie trasy maratonu karane b\u0119dzie dyskwalifikacj\u0105. Nie wolno u\u017cywa\u0107 szklanych pojemnik\u00f3w w pobli\u017cu i na trasie zawod\u00f3w.<\/p>\n<p>PROTESTY<br \/>\nProtesty mo\u017cna sk\u0142ada\u0107 w dniu zawod\u00f3w, najp\u00f3\u017aniej do godz. 16:00 do obs\u0142ugi pomiaru czasu. Do protestu (przygotowanego w formie pisemnej) nale\u017cy za\u0142\u0105czy\u0107 kaucj\u0119 w wysoko\u015bci 50 z\u0142. Protesty b\u0119d\u0105 przyjmowane przez 30 minut od momentu og\u0142oszenia wynik\u00f3w. Po tym czasie nie b\u0119d\u0105 rozpatrywane. Kaucja nie zostanie zwr\u00f3cona, o ile S\u0119dzia G\u0142\u00f3wny w porozumieniu z Organizatorem nie przyzna racji sk\u0142adaj\u0105cemu protest. Decyzja ostateczna nale\u017cy do S\u0119dziego G\u0142\u00f3wnego w porozumieniu z organizatorem zawod\u00f3w.<\/p>\n<p>INFORMACJE DODATKOWE<br \/>\n&#8211; Organizator nie ponosi odpowiedzialno\u015bci za wypadki losowe zaistnia\u0142e podczas dojazdu uczestnik\u00f3w na zawody i powrotu z nich.<br \/>\n&#8211; Uczestnik przyjmuje do wiadomo\u015bci, \u017ce nale\u017cy przestrzega\u0107 zarz\u0105dze\u0144 s\u0142u\u017cb porz\u0105dkowych oraz warunk\u00f3w regulaminu.<br \/>\n&#8211; Brak znajomo\u015bci regulaminu nie b\u0119dzie uznawany jako okoliczno\u015b\u0107 \u0142agodz\u0105ca.<br \/>\n&#8211; Ka\u017cdy uczestnik bierze udzia\u0142 w zawodach na w\u0142asn\u0105 odpowiedzialno\u015b\u0107.<br \/>\n&#8211; Organizator nie ponosi odpowiedzialno\u015bci materialnej za rzeczy zaginione w trakcie trwania zawod\u00f3w.<br \/>\n&#8211; Maraton b\u0119dzie si\u0119 odbywa\u0107 przy nieograniczonym ruchu drogowym. W miejscach szczeg\u00f3lnie niebezpiecznych s\u0142u\u017cby organizatora u\u0142atwi\u0105 w\u0142\u0105czenie si\u0119 do ruchu.<br \/>\n&#8211; Organizator nie ponosi odpowiedzialno\u015bci za ewentualne kolizje i wypadki na trasie.<br \/>\n&#8211; Osoby bez numer\u00f3w startowych poruszaj\u0105ce si\u0119 na rowerach po trasie maratonu b\u0119d\u0105 usuwane z trasy przez obs\u0142ug\u0119 techniczn\u0105.<br \/>\n&#8211; Na trasie maratonu wyst\u0119puj\u0105 strome podjazdy i niebezpieczne zjazdy.<br \/>\n&#8211; Maraton odb\u0119dzie si\u0119 bez wzgl\u0119du na warunki atmosferyczne.<br \/>\n&#8211; Organizator zastrzega sobie prawo do prze\u0142o\u017cenia imprezy w zwi\u0105zku z wyst\u0105pieniem kl\u0119sk \u017cywio\u0142owych lub innych uznawanych za dzia\u0142anie \u201esi\u0142y wy\u017cszej\u201d.<\/p>\n","protected":false},"excerpt":{"rendered":"<p>Regulamin II Maratonu MTB Jastrz\u0119bi \u0141askich 1. ORGANIZATOR Klub Rowerowy \u201eJastrz\u0119bie \u0141askie\u201d 2. KOMITET ORGANIZACYJNY Komandor \u2013 Roman Hajzler S\u0119dzia g\u0142\u00f3wny \u2013 Pawe\u0142 Cichy Szef Trasy \u2013 Bartosz Wojtas Wp\u00f3\u0142praca: &#8211; Tomasz Misztalski &#8211; Pawe\u0142 Lis &#8211; Grzegorz Stolarek 3. &hellip; <a href=\"https:\/\/www.jastrzebie.lask.com.pl\/index.php\/archiwum\/ii-maraton-mtb\/regulaminmt\/\">Czytaj dalej <span class=\"meta-nav\">&rarr;<\/span><\/a><\/p>\n","protected":false},"author":1,"featured_media":0,"parent":1605,"menu_order":0,"comment_status":"open","ping_status":"open","template":"","meta":{"footnotes":""},"class_list":["post-1608","page","type-page","status-publish","hentry"],"_links":{"self":[{"href":"https:\/\/www.jastrzebie.lask.com.pl\/index.php\/wp-json\/wp\/v2\/pages\/1608","targetHints":{"allow":["GET"]}}],"collection":[{"href":"https:\/\/www.jastrzebie.lask.com.pl\/index.php\/wp-json\/wp\/v2\/pages"}],"about":[{"href":"https:\/\/www.jastrzebie.lask.com.pl\/index.php\/wp-json\/wp\/v2\/types\/page"}],"author":[{"embeddable":true,"href":"https:\/\/www.jastrzebie.lask.com.pl\/index.php\/wp-json\/wp\/v2\/users\/1"}],"replies":[{"embeddable":true,"href":"https:\/\/www.jastrzebie.lask.com.pl\/index.php\/wp-json\/wp\/v2\/comments?post=1608"}],"version-history":[{"count":16,"href":"https:\/\/www.jastrzebie.lask.com.pl\/index.php\/wp-json\/wp\/v2\/pages\/1608\/revisions"}],"predecessor-version":[{"id":1615,"href":"https:\/\/www.jastrzebie.lask.com.pl\/index.php\/wp-json\/wp\/v2\/pages\/1608\/revisions\/1615"}],"up":[{"embeddable":true,"href":"https:\/\/www.jastrzebie.lask.com.pl\/index.php\/wp-json\/wp\/v2\/pages\/1605"}],"wp:attachment":[{"href":"https:\/\/www.jastrzebie.lask.com.pl\/index.php\/wp-json\/wp\/v2\/media?parent=1608"}],"curies":[{"name":"wp","href":"https:\/\/api.w.org\/{rel}","templated":true}]}}