{"id":1748,"date":"2012-09-16T18:14:42","date_gmt":"2012-09-16T18:14:42","guid":{"rendered":"http:\/\/www.jastrzebie.lask.com.pl\/?page_id=1748"},"modified":"2012-09-28T08:47:34","modified_gmt":"2012-09-28T08:47:34","slug":"dla-pan","status":"publish","type":"page","link":"https:\/\/www.jastrzebie.lask.com.pl\/index.php\/archiwum\/ii-maraton-mtb\/dla-pan\/","title":{"rendered":"Nagroda Dla Pa\u0144"},"content":{"rendered":"<p>Dla Pa\u0144 kt\u00f3re wezm\u0105 udzia\u0142 w maratonie ufundowali\u015bmy specjaln\u0105 nagrod\u0119 w postaci pi\u0119knej przywieszki w kszta\u0142cie serduszka. Jest to produkt bardzo renomowanej firmy jubilerskiej Dyberg-Kern, przywieszka ta wyko\u0144czona jest kryszta\u0142ami Swarovskiego. Wz\u00f3r mo\u017ce nieco odbiega\u0107 od prezentowanego na zdj\u0119ciach.<\/p>\n<p>Naprawd\u0119 warto wystartowa\u0107, ceny tych przywieszek zaczynaj\u0105 si\u0119 od 63z\u0142 <a href=\"http:\/\/www.ceneo.pl\/14853687\">link do Ceneo<\/a><\/p>\n<p>UWAGA ! liczba nagr\u00f3d ograniczona do 20szt. , decyduje data zg\u0142oszenia do maratonu<\/p>\n<div id='gallery-1' class='gallery galleryid-1748 gallery-columns-3 gallery-size-thumbnail'><dl class='gallery-item'>\n\t\t\t<dt class='gallery-icon landscape'>\n\t\t\t\t<a href='https:\/\/www.jastrzebie.lask.com.pl\/wp-content\/uploads\/2012\/09\/11349_1.jpg'><img loading=\"lazy\" decoding=\"async\" width=\"150\" height=\"150\" src=\"https:\/\/www.jastrzebie.lask.com.pl\/wp-content\/uploads\/2012\/09\/11349_1-150x150.jpg\" class=\"attachment-thumbnail size-thumbnail\" alt=\"\" \/><\/a>\n\t\t\t<\/dt><\/dl><dl class='gallery-item'>\n\t\t\t<dt class='gallery-icon landscape'>\n\t\t\t\t<a href='https:\/\/www.jastrzebie.lask.com.pl\/wp-content\/uploads\/2012\/09\/11349_2.jpg'><img loading=\"lazy\" decoding=\"async\" width=\"150\" height=\"150\" src=\"https:\/\/www.jastrzebie.lask.com.pl\/wp-content\/uploads\/2012\/09\/11349_2-150x150.jpg\" class=\"attachment-thumbnail size-thumbnail\" alt=\"\" \/><\/a>\n\t\t\t<\/dt><\/dl><dl class='gallery-item'>\n\t\t\t<dt class='gallery-icon landscape'>\n\t\t\t\t<a href='https:\/\/www.jastrzebie.lask.com.pl\/wp-content\/uploads\/2012\/09\/11349_3.jpg'><img loading=\"lazy\" decoding=\"async\" width=\"150\" height=\"150\" src=\"https:\/\/www.jastrzebie.lask.com.pl\/wp-content\/uploads\/2012\/09\/11349_3-150x150.jpg\" class=\"attachment-thumbnail size-thumbnail\" alt=\"\" \/><\/a>\n\t\t\t<\/dt><\/dl><br style=\"clear: both\" \/>\n\t\t<\/div>\n\n<p>&nbsp;<\/p>\n<p>&nbsp;<\/p>\n<p>&nbsp;<\/p>\n","protected":false},"excerpt":{"rendered":"<p>Dla Pa\u0144 kt\u00f3re wezm\u0105 udzia\u0142 w maratonie ufundowali\u015bmy specjaln\u0105 nagrod\u0119 w postaci pi\u0119knej przywieszki w kszta\u0142cie serduszka. Jest to produkt bardzo renomowanej firmy jubilerskiej Dyberg-Kern, przywieszka ta wyko\u0144czona jest kryszta\u0142ami Swarovskiego. Wz\u00f3r mo\u017ce nieco odbiega\u0107 od prezentowanego na zdj\u0119ciach. Naprawd\u0119 &hellip; <a href=\"https:\/\/www.jastrzebie.lask.com.pl\/index.php\/archiwum\/ii-maraton-mtb\/dla-pan\/\">Czytaj dalej <span class=\"meta-nav\">&rarr;<\/span><\/a><\/p>\n","protected":false},"author":120,"featured_media":0,"parent":1605,"menu_order":0,"comment_status":"open","ping_status":"open","template":"","meta":{"footnotes":""},"class_list":["post-1748","page","type-page","status-publish","hentry"],"_links":{"self":[{"href":"https:\/\/www.jastrzebie.lask.com.pl\/index.php\/wp-json\/wp\/v2\/pages\/1748","targetHints":{"allow":["GET"]}}],"collection":[{"href":"https:\/\/www.jastrzebie.lask.com.pl\/index.php\/wp-json\/wp\/v2\/pages"}],"about":[{"href":"https:\/\/www.jastrzebie.lask.com.pl\/index.php\/wp-json\/wp\/v2\/types\/page"}],"author":[{"embeddable":true,"href":"https:\/\/www.jastrzebie.lask.com.pl\/index.php\/wp-json\/wp\/v2\/users\/120"}],"replies":[{"embeddable":true,"href":"https:\/\/www.jastrzebie.lask.com.pl\/index.php\/wp-json\/wp\/v2\/comments?post=1748"}],"version-history":[{"count":11,"href":"https:\/\/www.jastrzebie.lask.com.pl\/index.php\/wp-json\/wp\/v2\/pages\/1748\/revisions"}],"predecessor-version":[{"id":1752,"href":"https:\/\/www.jastrzebie.lask.com.pl\/index.php\/wp-json\/wp\/v2\/pages\/1748\/revisions\/1752"}],"up":[{"embeddable":true,"href":"https:\/\/www.jastrzebie.lask.com.pl\/index.php\/wp-json\/wp\/v2\/pages\/1605"}],"wp:attachment":[{"href":"https:\/\/www.jastrzebie.lask.com.pl\/index.php\/wp-json\/wp\/v2\/media?parent=1748"}],"curies":[{"name":"wp","href":"https:\/\/api.w.org\/{rel}","templated":true}]}}