{"id":1845,"date":"2012-09-30T19:44:07","date_gmt":"2012-09-30T19:44:07","guid":{"rendered":"http:\/\/www.jastrzebie.lask.com.pl\/?page_id=1845"},"modified":"2012-09-30T19:56:58","modified_gmt":"2012-09-30T19:56:58","slug":"wrazenia-po-maratonie","status":"publish","type":"page","link":"https:\/\/www.jastrzebie.lask.com.pl\/index.php\/archiwum\/ii-maraton-mtb\/wrazenia-po-maratonie\/","title":{"rendered":"Wra\u017cenia po maratonie"},"content":{"rendered":"<p>Zach\u0119cam do wpisywania swoich wra\u017ce\u0144 z maratonu, pisania opinii i sugestii na przysz\u0142o\u015b\u0107.<\/p>\n","protected":false},"excerpt":{"rendered":"<p>Zach\u0119cam do wpisywania swoich wra\u017ce\u0144 z maratonu, pisania opinii i sugestii na przysz\u0142o\u015b\u0107.<\/p>\n","protected":false},"author":120,"featured_media":0,"parent":1605,"menu_order":0,"comment_status":"open","ping_status":"open","template":"","meta":{"footnotes":""},"class_list":["post-1845","page","type-page","status-publish","hentry"],"_links":{"self":[{"href":"https:\/\/www.jastrzebie.lask.com.pl\/index.php\/wp-json\/wp\/v2\/pages\/1845","targetHints":{"allow":["GET"]}}],"collection":[{"href":"https:\/\/www.jastrzebie.lask.com.pl\/index.php\/wp-json\/wp\/v2\/pages"}],"about":[{"href":"https:\/\/www.jastrzebie.lask.com.pl\/index.php\/wp-json\/wp\/v2\/types\/page"}],"author":[{"embeddable":true,"href":"https:\/\/www.jastrzebie.lask.com.pl\/index.php\/wp-json\/wp\/v2\/users\/120"}],"replies":[{"embeddable":true,"href":"https:\/\/www.jastrzebie.lask.com.pl\/index.php\/wp-json\/wp\/v2\/comments?post=1845"}],"version-history":[{"count":3,"href":"https:\/\/www.jastrzebie.lask.com.pl\/index.php\/wp-json\/wp\/v2\/pages\/1845\/revisions"}],"predecessor-version":[{"id":1848,"href":"https:\/\/www.jastrzebie.lask.com.pl\/index.php\/wp-json\/wp\/v2\/pages\/1845\/revisions\/1848"}],"up":[{"embeddable":true,"href":"https:\/\/www.jastrzebie.lask.com.pl\/index.php\/wp-json\/wp\/v2\/pages\/1605"}],"wp:attachment":[{"href":"https:\/\/www.jastrzebie.lask.com.pl\/index.php\/wp-json\/wp\/v2\/media?parent=1845"}],"curies":[{"name":"wp","href":"https:\/\/api.w.org\/{rel}","templated":true}]}}