{"id":2371,"date":"2013-09-10T13:37:20","date_gmt":"2013-09-10T11:37:20","guid":{"rendered":"http:\/\/www.jastrzebie.lask.com.pl\/?page_id=2371"},"modified":"2013-09-27T20:14:57","modified_gmt":"2013-09-27T18:14:57","slug":"trasa","status":"publish","type":"page","link":"https:\/\/www.jastrzebie.lask.com.pl\/index.php\/archiwum\/iii-maraton-mtb-2\/trasa\/","title":{"rendered":"Trasa"},"content":{"rendered":"<p>Informujemy \u017ce trasa na odcinku <strong>przed<\/strong> budow\u0105 drogi S8 uleg\u0142a minimalnej modyfikacji ze wzgl\u0119du na zalegaj\u0105ce b\u0142oto<\/p>\n<p>4 p\u0119tl\u0119 po oko\u0142o 16km, start przy Szkole Podstawowej nr 5 na Przylesiu<\/p>\n<p>Link do mapki<\/p>\n<p><a href=\"http:\/\/www.gpsies.com\/map.do?fileId=uhmzpbihktdbpbpt\">http:\/\/www.gpsies.com\/map.do?fileId=uhmzpbihktdbpbpt<\/a><\/p>\n","protected":false},"excerpt":{"rendered":"<p>Informujemy \u017ce trasa na odcinku przed budow\u0105 drogi S8 uleg\u0142a minimalnej modyfikacji ze wzgl\u0119du na zalegaj\u0105ce b\u0142oto 4 p\u0119tl\u0119 po oko\u0142o 16km, start przy Szkole Podstawowej nr 5 na Przylesiu Link do mapki http:\/\/www.gpsies.com\/map.do?fileId=uhmzpbihktdbpbpt<\/p>\n","protected":false},"author":120,"featured_media":0,"parent":2400,"menu_order":0,"comment_status":"open","ping_status":"open","template":"","meta":{"footnotes":""},"class_list":["post-2371","page","type-page","status-publish","hentry"],"_links":{"self":[{"href":"https:\/\/www.jastrzebie.lask.com.pl\/index.php\/wp-json\/wp\/v2\/pages\/2371","targetHints":{"allow":["GET"]}}],"collection":[{"href":"https:\/\/www.jastrzebie.lask.com.pl\/index.php\/wp-json\/wp\/v2\/pages"}],"about":[{"href":"https:\/\/www.jastrzebie.lask.com.pl\/index.php\/wp-json\/wp\/v2\/types\/page"}],"author":[{"embeddable":true,"href":"https:\/\/www.jastrzebie.lask.com.pl\/index.php\/wp-json\/wp\/v2\/users\/120"}],"replies":[{"embeddable":true,"href":"https:\/\/www.jastrzebie.lask.com.pl\/index.php\/wp-json\/wp\/v2\/comments?post=2371"}],"version-history":[{"count":10,"href":"https:\/\/www.jastrzebie.lask.com.pl\/index.php\/wp-json\/wp\/v2\/pages\/2371\/revisions"}],"predecessor-version":[{"id":2375,"href":"https:\/\/www.jastrzebie.lask.com.pl\/index.php\/wp-json\/wp\/v2\/pages\/2371\/revisions\/2375"}],"up":[{"embeddable":true,"href":"https:\/\/www.jastrzebie.lask.com.pl\/index.php\/wp-json\/wp\/v2\/pages\/2400"}],"wp:attachment":[{"href":"https:\/\/www.jastrzebie.lask.com.pl\/index.php\/wp-json\/wp\/v2\/media?parent=2371"}],"curies":[{"name":"wp","href":"https:\/\/api.w.org\/{rel}","templated":true}]}}