{"id":3216,"date":"2014-05-06T23:24:36","date_gmt":"2014-05-06T21:24:36","guid":{"rendered":"http:\/\/www.jastrzebie.lask.com.pl\/?page_id=3216"},"modified":"2015-03-16T17:33:44","modified_gmt":"2015-03-16T15:33:44","slug":"i-truskawkowy-wyscig-buczek","status":"publish","type":"page","link":"https:\/\/www.jastrzebie.lask.com.pl\/index.php\/archiwum\/i-truskawkowy-wyscig-buczek\/","title":{"rendered":"I TWR &#8211; Buczek"},"content":{"rendered":"<h3>I Truskawkowy Wy\u015bcig Rowerowy &#8211; Buczek 2014<\/h3>\n<ul>\n<li><strong><a title=\"Wyniki\" href=\"http:\/\/scores.time2win.megiteam.pl\/#!\/scores\/public\/loops\">Wyniki<\/a><\/strong><\/li>\n<li><a title=\"Zdj\u0119cia i relacje\" href=\"http:\/\/www.jastrzebie.lask.com.pl\/index.php\/i-truskawkowy-wyscig-buczek\/zdjecia-i-relacje\/\">Zdj\u0119cia i relacje<\/a><\/li>\n<li><a title=\"Regulamin I Truskawkowego Wy\u015bcigu Rowerowego - Buczek 2014\" href=\"http:\/\/www.jastrzebie.lask.com.pl\/index.php\/i-truskawkowy-wyscig-buczek\/regulamin\/\">Regulamin Wy\u015bcigu<\/a><\/li>\n<li><a title=\"Trasa\" href=\"http:\/\/www.jastrzebie.lask.com.pl\/index.php\/i-truskawkowy-wyscig-buczek\/trasa\/\">Trasa<\/a><\/li>\n<li><a href=\"http:\/\/www.jastrzebie.lask.com.pl\/index.php\/2014\/06\/dodatkowe-klasyfikacje-podczas-i-truskawkowego-wyscigu-buczek\/\">Dodatkowe klasyfikacje<\/a><\/li>\n<li><a href=\"http:\/\/www.jastrzebie.lask.com.pl\/?p=3390\">Nagrody<\/a><\/li>\n<\/ul>\n<p><strong>UWAGA!!!<br \/>\n<\/strong><strong>Start o godzinie\u00a010:00. Zapisy w dniu zawod\u00f3w\u00a0od 8:30 do 9:30<\/strong><\/p>\n<p>Zapisy na I Truskawkowy Wy\u015bcig Rowerowy trwaj\u0105. Na razie t\u0142oku nie ma, ale pozosta\u0142o ju\u017c tylko oko\u0142o 40 miejsc \u2013<strong>\u00a0LIMIT UCZESTNIK\u00d3W to 100 os\u00f3b.<\/strong>\u00a0Na tak\u0105 ilo\u015b\u0107 kolarzy uzyskali\u015bmy zgod\u0119 Urz\u0119du Marsza\u0142kowskiego w \u0141odzi.<\/p>\n","protected":false},"excerpt":{"rendered":"<p>I Truskawkowy Wy\u015bcig Rowerowy &#8211; Buczek 2014 Wyniki Zdj\u0119cia i relacje Regulamin Wy\u015bcigu Trasa Dodatkowe klasyfikacje Nagrody UWAGA!!! Start o godzinie\u00a010:00. Zapisy w dniu zawod\u00f3w\u00a0od 8:30 do 9:30 Zapisy na I Truskawkowy Wy\u015bcig Rowerowy trwaj\u0105. Na razie t\u0142oku nie ma, &hellip; <a href=\"https:\/\/www.jastrzebie.lask.com.pl\/index.php\/archiwum\/i-truskawkowy-wyscig-buczek\/\">Czytaj dalej <span class=\"meta-nav\">&rarr;<\/span><\/a><\/p>\n","protected":false},"author":1,"featured_media":0,"parent":1338,"menu_order":10,"comment_status":"open","ping_status":"open","template":"","meta":{"footnotes":""},"class_list":["post-3216","page","type-page","status-publish","hentry"],"_links":{"self":[{"href":"https:\/\/www.jastrzebie.lask.com.pl\/index.php\/wp-json\/wp\/v2\/pages\/3216","targetHints":{"allow":["GET"]}}],"collection":[{"href":"https:\/\/www.jastrzebie.lask.com.pl\/index.php\/wp-json\/wp\/v2\/pages"}],"about":[{"href":"https:\/\/www.jastrzebie.lask.com.pl\/index.php\/wp-json\/wp\/v2\/types\/page"}],"author":[{"embeddable":true,"href":"https:\/\/www.jastrzebie.lask.com.pl\/index.php\/wp-json\/wp\/v2\/users\/1"}],"replies":[{"embeddable":true,"href":"https:\/\/www.jastrzebie.lask.com.pl\/index.php\/wp-json\/wp\/v2\/comments?post=3216"}],"version-history":[{"count":14,"href":"https:\/\/www.jastrzebie.lask.com.pl\/index.php\/wp-json\/wp\/v2\/pages\/3216\/revisions"}],"predecessor-version":[{"id":3615,"href":"https:\/\/www.jastrzebie.lask.com.pl\/index.php\/wp-json\/wp\/v2\/pages\/3216\/revisions\/3615"}],"up":[{"embeddable":true,"href":"https:\/\/www.jastrzebie.lask.com.pl\/index.php\/wp-json\/wp\/v2\/pages\/1338"}],"wp:attachment":[{"href":"https:\/\/www.jastrzebie.lask.com.pl\/index.php\/wp-json\/wp\/v2\/media?parent=3216"}],"curies":[{"name":"wp","href":"https:\/\/api.w.org\/{rel}","templated":true}]}}