{"id":3232,"date":"2014-05-09T20:27:18","date_gmt":"2014-05-09T18:27:18","guid":{"rendered":"http:\/\/www.jastrzebie.lask.com.pl\/?page_id=3232"},"modified":"2014-05-27T23:01:52","modified_gmt":"2014-05-27T21:01:52","slug":"trasa","status":"publish","type":"page","link":"https:\/\/www.jastrzebie.lask.com.pl\/index.php\/archiwum\/iv-supermaraton\/trasa\/","title":{"rendered":"Trasa"},"content":{"rendered":"<p>W kilku miejscach trasy trwaj\u0105 roboty budowlane. <\/p>\n<p>W Gorczynie i w Si\u0119ganowie trasa supermaratonu krzy\u017cuje si\u0119 z budowan\u0105 drog\u0105 S8 \u2013 wiadukty s\u0105 ju\u017c prawie gotowe, ale p\u00f3ki co ruch odbywa si\u0119 po kr\u00f3tkich objazdach.<\/p>\n<p>W pobli\u017cu Szczercowa trwa przebudowa mostu na drodze wojew\u00f3dzkiej nr 480, kt\u00f3ra ma zako\u0144czy\u0107 si\u0119 w maju. Bierzemy pod uwag\u0119 niewielkie skr\u00f3cenie trasy i urz\u0105dzenie punktu \u017cywieniowego oraz punktu kontrolnego w innym miejscu ni\u017c zwykle.<\/p>\n<p>Strefa startu\/mety i parking\u00f3w nie ulega zmianom. Odcinek ulicy Narutowicza od 9 Maja do ul. Jana Paw\u0142a II w \u0141asku b\u0119dzie wy\u0142\u0105czony z ruchu drogowego. <\/p>\n<div style=\"background-color:#fff;\">\n<iframe loading=\"lazy\" src=\"http:\/\/www.bikemap.net\/en\/route\/2622018-iv-supermaraton-jastrzebi-laskich\/widget\/?width=640&amp;extended=1&amp;distance_markers=1&amp;height=480&amp;unit=metric\" width=\"640\" height=\"628\" border=\"0\" frameborder=\"0\" marginheight=\"0\" marginwidth=\"0\" scrolling=\"no\"> <\/iframe> <\/p>\n<div style=\"margin: -4px 0 0 5px; height: 16px; color: #000; font-family: sans-serif; font-size: 12px;\"> Route <a href=\"http:\/\/www.bikemap.net\/en\/route\/2622018-iv-supermaraton-jastrzebi-laskich\/\" style=\"color:#2a88ac; text-decoration:underline;\" target=\"_blank\">2,622,018<\/a> &#8211; powered by <a href=\"http:\/\/www.bikemap.net\" style=\"color:#2a88ac; text-decoration:underline;\" target=\"_blank\">www.bikemap.net<\/a> <\/div>\n<\/p><\/div>\n","protected":false},"excerpt":{"rendered":"<p>W kilku miejscach trasy trwaj\u0105 roboty budowlane. W Gorczynie i w Si\u0119ganowie trasa supermaratonu krzy\u017cuje si\u0119 z budowan\u0105 drog\u0105 S8 \u2013 wiadukty s\u0105 ju\u017c prawie gotowe, ale p\u00f3ki co ruch odbywa si\u0119 po kr\u00f3tkich objazdach. W pobli\u017cu Szczercowa trwa przebudowa &hellip; <a href=\"https:\/\/www.jastrzebie.lask.com.pl\/index.php\/archiwum\/iv-supermaraton\/trasa\/\">Czytaj dalej <span class=\"meta-nav\">&rarr;<\/span><\/a><\/p>\n","protected":false},"author":1,"featured_media":0,"parent":3148,"menu_order":3,"comment_status":"open","ping_status":"open","template":"","meta":{"footnotes":""},"class_list":["post-3232","page","type-page","status-publish","hentry"],"_links":{"self":[{"href":"https:\/\/www.jastrzebie.lask.com.pl\/index.php\/wp-json\/wp\/v2\/pages\/3232","targetHints":{"allow":["GET"]}}],"collection":[{"href":"https:\/\/www.jastrzebie.lask.com.pl\/index.php\/wp-json\/wp\/v2\/pages"}],"about":[{"href":"https:\/\/www.jastrzebie.lask.com.pl\/index.php\/wp-json\/wp\/v2\/types\/page"}],"author":[{"embeddable":true,"href":"https:\/\/www.jastrzebie.lask.com.pl\/index.php\/wp-json\/wp\/v2\/users\/1"}],"replies":[{"embeddable":true,"href":"https:\/\/www.jastrzebie.lask.com.pl\/index.php\/wp-json\/wp\/v2\/comments?post=3232"}],"version-history":[{"count":4,"href":"https:\/\/www.jastrzebie.lask.com.pl\/index.php\/wp-json\/wp\/v2\/pages\/3232\/revisions"}],"predecessor-version":[{"id":3279,"href":"https:\/\/www.jastrzebie.lask.com.pl\/index.php\/wp-json\/wp\/v2\/pages\/3232\/revisions\/3279"}],"up":[{"embeddable":true,"href":"https:\/\/www.jastrzebie.lask.com.pl\/index.php\/wp-json\/wp\/v2\/pages\/3148"}],"wp:attachment":[{"href":"https:\/\/www.jastrzebie.lask.com.pl\/index.php\/wp-json\/wp\/v2\/media?parent=3232"}],"curies":[{"name":"wp","href":"https:\/\/api.w.org\/{rel}","templated":true}]}}