{"id":3248,"date":"2014-05-16T00:03:06","date_gmt":"2014-05-15T22:03:06","guid":{"rendered":"http:\/\/www.jastrzebie.lask.com.pl\/?page_id=3248"},"modified":"2014-05-16T09:02:49","modified_gmt":"2014-05-16T07:02:49","slug":"trasa","status":"publish","type":"page","link":"https:\/\/www.jastrzebie.lask.com.pl\/index.php\/archiwum\/i-truskawkowy-wyscig-buczek\/trasa\/","title":{"rendered":"Trasa"},"content":{"rendered":"<p>P\u0119tla o d\u0142ugo\u015bci 18km przebiega przez:<\/p>\n<p>Buczek &#8211; Malenia &#8211; Grzeszyn &#8211; Brodnia Dolna &#8211; Brodnia G\u00f3rna &#8211; Buczek Wygwizd\u00f3w ko\u0142o Cholernej G\u00f3rki &#8211; Buczek<\/p>\n<div style=\"background-color:#fff;\"> <iframe loading=\"lazy\" src=\"http:\/\/www.bikemap.net\/en\/route\/2603007-i-truskawkowy-wyscig-rowerowy\/widget\/?width=640&amp;extended=1&amp;distance_markers=1&amp;height=480&amp;unit=metric\" width=\"640\" height=\"628\" border=\"0\" frameborder=\"0\" marginheight=\"0\" marginwidth=\"0\" scrolling=\"no\"> <\/iframe> <\/p>\n<div style=\"margin: -4px 0 0 5px; height: 16px; color: #000; font-family: sans-serif; font-size: 12px;\"> Route <a href=\"http:\/\/www.bikemap.net\/en\/route\/2603007-i-truskawkowy-wyscig-rowerowy\/\" style=\"color:#2a88ac; text-decoration:underline;\" target=\"_blank\">2,603,007<\/a> &#8211; powered by <a href=\"http:\/\/www.bikemap.net\" style=\"color:#2a88ac; text-decoration:underline;\" target=\"_blank\">www.bikemap.net<\/a> <\/div>\n<\/p><\/div>\n","protected":false},"excerpt":{"rendered":"<p>P\u0119tla o d\u0142ugo\u015bci 18km przebiega przez: Buczek &#8211; Malenia &#8211; Grzeszyn &#8211; Brodnia Dolna &#8211; Brodnia G\u00f3rna &#8211; Buczek Wygwizd\u00f3w ko\u0142o Cholernej G\u00f3rki &#8211; Buczek Route 2,603,007 &#8211; powered by www.bikemap.net<\/p>\n","protected":false},"author":1,"featured_media":0,"parent":3216,"menu_order":2,"comment_status":"open","ping_status":"open","template":"","meta":{"footnotes":""},"class_list":["post-3248","page","type-page","status-publish","hentry"],"_links":{"self":[{"href":"https:\/\/www.jastrzebie.lask.com.pl\/index.php\/wp-json\/wp\/v2\/pages\/3248","targetHints":{"allow":["GET"]}}],"collection":[{"href":"https:\/\/www.jastrzebie.lask.com.pl\/index.php\/wp-json\/wp\/v2\/pages"}],"about":[{"href":"https:\/\/www.jastrzebie.lask.com.pl\/index.php\/wp-json\/wp\/v2\/types\/page"}],"author":[{"embeddable":true,"href":"https:\/\/www.jastrzebie.lask.com.pl\/index.php\/wp-json\/wp\/v2\/users\/1"}],"replies":[{"embeddable":true,"href":"https:\/\/www.jastrzebie.lask.com.pl\/index.php\/wp-json\/wp\/v2\/comments?post=3248"}],"version-history":[{"count":4,"href":"https:\/\/www.jastrzebie.lask.com.pl\/index.php\/wp-json\/wp\/v2\/pages\/3248\/revisions"}],"predecessor-version":[{"id":3254,"href":"https:\/\/www.jastrzebie.lask.com.pl\/index.php\/wp-json\/wp\/v2\/pages\/3248\/revisions\/3254"}],"up":[{"embeddable":true,"href":"https:\/\/www.jastrzebie.lask.com.pl\/index.php\/wp-json\/wp\/v2\/pages\/3216"}],"wp:attachment":[{"href":"https:\/\/www.jastrzebie.lask.com.pl\/index.php\/wp-json\/wp\/v2\/media?parent=3248"}],"curies":[{"name":"wp","href":"https:\/\/api.w.org\/{rel}","templated":true}]}}