{"id":3268,"date":"2014-05-26T10:14:05","date_gmt":"2014-05-26T08:14:05","guid":{"rendered":"http:\/\/www.jastrzebie.lask.com.pl\/?page_id=3268"},"modified":"2015-05-30T10:45:36","modified_gmt":"2015-05-30T08:45:36","slug":"noclegi","status":"publish","type":"page","link":"https:\/\/www.jastrzebie.lask.com.pl\/index.php\/archiwum\/iv-supermaraton\/noclegi\/","title":{"rendered":"Noclegi"},"content":{"rendered":"<h2>\u00a0Baza noclegowa w \u0141asku i okolicach:<\/h2>\n<p><strong>hotel KolumnaPark<\/strong>\u00a0***<\/p>\n<p>(Przygo\u0144, wjazd z trasy nr 14)<br \/>\nadres: Przygo\u0144\u00a0ul. Hotelowa 1,<br \/>\ntel.: (43) 677-27-27,<br \/>\n<a href=\"http:\/\/www.kolumnapark.pl\/\" target=\"_blank\">www.kolumnapark.pl<\/a><\/p>\n<p><strong>hotel Hades Ostr\u00f3wek ***<\/strong><br \/>\n(Ostr\u00f3wek, przy trasie nr 14 pomi\u0119dzy \u0141askiem a Zdu\u0144sk\u0105 Wol\u0105)<br \/>\nadres: Micha\u0142\u00f3w 69,<br \/>\ntel.: (43) 823-03-55,<br \/>\n<a href=\"http:\/\/www.hades.info.pl\/hades2\/\" target=\"_blank\">www.hades.info.pl\/hades2\/<\/a><\/p>\n<p><strong>hotel Graf **<\/strong><br \/>\n(Kolumna, oddalony ok. 1,5 km od trasy nr 14)<br \/>\nadres:\u00a0\u0141ask-Kolumna,\u00a0ul. Piotrkowska 10,<br \/>\ntel.: (43) 675-42-22,<br \/>\n<a href=\"http:\/\/www.hotelgraf.pl\/\" target=\"_blank\">www.hotelgraf.pl<\/a><\/p>\n<p><strong>hotel Dzikie Wino<\/strong><br \/>\n(nieco w bok od trasy nr14 ok. 4,5 km od centrum \u0141asku)<br \/>\nadres: Wiew\u00f3rczyn k\/\u0141asku ul. Hallera 49<br \/>\ntel.: (43) 676 20 20<br \/>\n<a href=\"http:\/\/www.dzikie-wino.com\/\" target=\"_blank\">www.dzikie-wino.com<\/a><\/p>\n<p><strong>hotel Przygo\u0144<\/strong><br \/>\n(Kolumna, przy trasie nr 14)<br \/>\nadres: ul. Iglasta 8,<br \/>\ntel.: (43) 675-63-60,<br \/>\n<a href=\"http:\/\/www.noclegi-pokoje.info\/\" target=\"_blank\">www.noclegi-pokoje.info<\/a><\/p>\n<p><strong>zajazd Jambo\u0142<\/strong><br \/>\n(Kolumna, przy trasie nr 14)<br \/>\nadres: ul. Armii Ludowej 46,<br \/>\ntel.(43) 675-43-88,<br \/>\n<a href=\"http:\/\/www.jambol.pl\/\" target=\"_blank\">www.jambol.pl<\/a><\/p>\n<p><strong>zajazd restauracja Le\u015bna\u00a0<\/strong><br \/>\n(Aleksandr\u00f3wek k\/\u0141asku, przy trasie nr 12)<br \/>\nadres:\u00a0Aleksandr\u00f3wek 18,<br \/>\ntel.: 669-272-405<\/p>\n<p><strong>hotel Ostr\u00f3wek\u00a0<\/strong><br \/>\n(Ostr\u00f3wek, przy trasie nr 14 pomi\u0119dzy \u0141askiem a Zdu\u0144sk\u0105 Wol\u0105)<br \/>\nadres: Ostr\u00f3wek 16,<br \/>\ntel.: (43) 823-91-11,<br \/>\n<a href=\"http:\/\/www.hotelowe-ostrowek.pl\/\" target=\"_blank\">www.hotelowe-ostrowek.pl<\/a><\/p>\n<p><strong>motel Kominek\u00a0<\/strong><br \/>\n(\u0141ask, przy trasie nr 14 wjazd do \u0141asku od strony \u0141odzi)<br \/>\nadres: ul. Borowikowa 4,<br \/>\ntel. 698-674-254<\/p>\n<p><strong>zajazd Zach\u0119ta<\/strong><br \/>\n(Rokitnica k\/\u0141asku, przy trasie nr 12)<br \/>\nadres: Rokitnica 3,<br \/>\ntel.: (43) 676-12-69<\/p>\n<p><strong>Internat przy \u00a0Specjalnym O\u015brodku Szkolno \u2013 Wychowawczym<br \/>\n<\/strong>adres: \u0141ask, ul.\u00a0 Mickiewicza 6,<br \/>\nkierownik: p. Mariola Bara\u0144ska<br \/>\ntel. 502\u00a0327\u00a0158,<br \/>\n<a href=\"mailto:brsk.mariola@gmail.com\">brsk.mariola@gmail.com<\/a><\/p>\n<p><strong>Internat Zespo\u0142u Szk\u00f3\u0142 Rolniczych im. W. Grabskiego<\/strong><br \/>\n(S\u0119dziejowice, ok. 14,5 km od \u0141asku)<br \/>\nadres:\u00a0S\u0119dziejowice-Kolonia,\u00a0Narutowicza 10,<br \/>\ntel.: (43)\u00a0677-10-04,<br \/>\n<a href=\"http:\/\/www.zsrgrabski.republika.pl\/noclegi.htm\" target=\"_blank\">www.zsrgrabski.republika.pl\/noclegi.htm<\/a><\/p>\n<p><strong>Bursa Szkolna w Zdu\u0144skiej Woli<\/strong><br \/>\n(Karsznice na wje\u017adzie do Zdu\u0144skiej Woli od strony \u0141asku, ok. 12,5 km od \u0141asku)<br \/>\nadres: Zdu\u0144ska Wola &#8211; Karsznice, ul. Okrzei 11,<br \/>\ntel.: (43)\u00a0823-30-77<\/p>\n<p><strong>kwatera prywatna<\/strong><br \/>\n(\u0141ask, blisko centrum)<br \/>\nadres: ul. Mickiewicza 5,<br \/>\ntel.: 698-674-254<\/p>\n<p><strong>kwatera prywatna<\/strong><br \/>\n(\u0141ask, pomi\u0119dzy \u0141askiem a Kolumn\u0105, blisko trasy nr 14)<br \/>\nadres: ul. Tuwima 2,<br \/>\ntel.:\u00a0<span style=\"line-height: 24px;\">508-084-639, 509-481-881<\/span><\/p>\n<p><strong>kwatera prywatna &#8211; agroturystyka<\/strong><br \/>\n(Przygo\u0144, przy Kolumnie)<br \/>\nadres:\u00a0Przygo\u0144\u00a0ul. Przylesie 23a,<br \/>\ntel.: (43) 671-22-05<\/p>\n<p><strong>kwatera prywatna &#8211; agroturystyka<\/strong><br \/>\n(Ldza\u0144, pomi\u0119dzy trasami nr 12 i nr 14)<br \/>\nadres:\u00a0Kolonia Ldza\u0144 46,<br \/>\ntel.: (43) 677-22-13,<br \/>\n<a href=\"http:\/\/www.lodr-bratoszewice.pl\/agroturystyka\/TJurek)Pabianice.htm\" target=\"_blank\">www.lodr-bratoszewice.pl\/agroturystyka\/TJurek)Pabianice.htm<\/a><\/p>\n<p><strong>kemping MOSiR Relaks\u00a0<\/strong><br \/>\n(Zdu\u0144ska Wola ok. 14 km od \u0141asku)<br \/>\nadres: Zdu\u0144ska Wola, ul. Kobusiewicza 2\/36,<br \/>\ntel.: (43) 823-22-31,<br \/>\n<a href=\"http:\/\/www.mosirrelaks.zdunskawola.pl\/\" target=\"_blank\">www.mosirrelaks.zdunskawola.pl<\/a><\/p>\n<p><strong>inne oferty noclegowe w miastach:<br \/>\nPabianice\u00a0<\/strong>(19km od \u0141asku)<strong>\u00a0i Zdu\u0144ska Wola\u00a0<\/strong>(15km od \u0141asku)<\/p>\n<p><em>posiadasz ofert\u0119 noclegow\u0105, a nie ma Ci\u0119 w bazie? napisz do nas:\u00a0<a href=\"mailto:jastrzebie@lask.com.pl\">jastrzebie@lask.com.pl<\/a><\/em><\/p>\n<p>&nbsp;<\/p>\n","protected":false},"excerpt":{"rendered":"<p>\u00a0Baza noclegowa w \u0141asku i okolicach: hotel KolumnaPark\u00a0*** (Przygo\u0144, wjazd z trasy nr 14) adres: Przygo\u0144\u00a0ul. Hotelowa 1, tel.: (43) 677-27-27, www.kolumnapark.pl hotel Hades Ostr\u00f3wek *** (Ostr\u00f3wek, przy trasie nr 14 pomi\u0119dzy \u0141askiem a Zdu\u0144sk\u0105 Wol\u0105) adres: Micha\u0142\u00f3w 69, tel.: &hellip; <a href=\"https:\/\/www.jastrzebie.lask.com.pl\/index.php\/archiwum\/iv-supermaraton\/noclegi\/\">Czytaj dalej <span class=\"meta-nav\">&rarr;<\/span><\/a><\/p>\n","protected":false},"author":1,"featured_media":0,"parent":3148,"menu_order":7,"comment_status":"open","ping_status":"open","template":"","meta":{"footnotes":""},"class_list":["post-3268","page","type-page","status-publish","hentry"],"_links":{"self":[{"href":"https:\/\/www.jastrzebie.lask.com.pl\/index.php\/wp-json\/wp\/v2\/pages\/3268","targetHints":{"allow":["GET"]}}],"collection":[{"href":"https:\/\/www.jastrzebie.lask.com.pl\/index.php\/wp-json\/wp\/v2\/pages"}],"about":[{"href":"https:\/\/www.jastrzebie.lask.com.pl\/index.php\/wp-json\/wp\/v2\/types\/page"}],"author":[{"embeddable":true,"href":"https:\/\/www.jastrzebie.lask.com.pl\/index.php\/wp-json\/wp\/v2\/users\/1"}],"replies":[{"embeddable":true,"href":"https:\/\/www.jastrzebie.lask.com.pl\/index.php\/wp-json\/wp\/v2\/comments?post=3268"}],"version-history":[{"count":3,"href":"https:\/\/www.jastrzebie.lask.com.pl\/index.php\/wp-json\/wp\/v2\/pages\/3268\/revisions"}],"predecessor-version":[{"id":3885,"href":"https:\/\/www.jastrzebie.lask.com.pl\/index.php\/wp-json\/wp\/v2\/pages\/3268\/revisions\/3885"}],"up":[{"embeddable":true,"href":"https:\/\/www.jastrzebie.lask.com.pl\/index.php\/wp-json\/wp\/v2\/pages\/3148"}],"wp:attachment":[{"href":"https:\/\/www.jastrzebie.lask.com.pl\/index.php\/wp-json\/wp\/v2\/media?parent=3268"}],"curies":[{"name":"wp","href":"https:\/\/api.w.org\/{rel}","templated":true}]}}