{"id":3390,"date":"2014-06-24T21:49:44","date_gmt":"2014-06-24T19:49:44","guid":{"rendered":"http:\/\/www.jastrzebie.lask.com.pl\/?page_id=3390"},"modified":"2014-06-25T13:32:21","modified_gmt":"2014-06-25T11:32:21","slug":"nagrody","status":"publish","type":"page","link":"https:\/\/www.jastrzebie.lask.com.pl\/index.php\/archiwum\/i-truskawkowy-wyscig-buczek\/nagrody\/","title":{"rendered":"Nagrody"},"content":{"rendered":"<p>Nagrodzeni zostan\u0105 zawodnicy w kategorii OPEN z miejsc 1-10 oraz zawodniczki z miejsc 1-3. Dodatkowo nagrodzimy najaktywniejszego zawodnika, oraz najlepszego zawodnika z gminy Buczek.<\/p>\n<p>LISTA NAGR\u00d3D<\/p>\n<p>Za pierwsze miejsce OPEN komplet k\u00f3\u0142 marki MAVIC<\/p>\n<p>Dodatkowo dla pozosta\u0142ych miejsc :<\/p>\n<p>kaski marki Author<br \/>\nopony szosowe Michelin<br \/>\nopony szosowe Mavic Aksion<br \/>\npompki blackburn mammoth 2-stage oraz pompka z nabojem<\/p>\n<p>zestaw kluczy z zaciskiem SKS CT Works 20<br \/>\nzestaw do czyszczenia \u0142a\u0144cucha Finish Line<br \/>\nzestaw olejk\u00f3w Finish Line ze szczotk\u0105<\/p>\n<p>oraz skarpety kompresyjne marki <a href=\"http:\/\/www.gatta.pl\/\"><strong>GATTA<\/strong><\/a><\/p>\n<p>&nbsp;<\/p>\n<p>&nbsp;<\/p>\n<p>&nbsp;<\/p>\n","protected":false},"excerpt":{"rendered":"<p>Nagrodzeni zostan\u0105 zawodnicy w kategorii OPEN z miejsc 1-10 oraz zawodniczki z miejsc 1-3. Dodatkowo nagrodzimy najaktywniejszego zawodnika, oraz najlepszego zawodnika z gminy Buczek. LISTA NAGR\u00d3D Za pierwsze miejsce OPEN komplet k\u00f3\u0142 marki MAVIC Dodatkowo dla pozosta\u0142ych miejsc : kaski &hellip; <a href=\"https:\/\/www.jastrzebie.lask.com.pl\/index.php\/archiwum\/i-truskawkowy-wyscig-buczek\/nagrody\/\">Czytaj dalej <span class=\"meta-nav\">&rarr;<\/span><\/a><\/p>\n","protected":false},"author":120,"featured_media":0,"parent":3216,"menu_order":0,"comment_status":"open","ping_status":"open","template":"","meta":{"footnotes":""},"class_list":["post-3390","page","type-page","status-publish","hentry"],"_links":{"self":[{"href":"https:\/\/www.jastrzebie.lask.com.pl\/index.php\/wp-json\/wp\/v2\/pages\/3390","targetHints":{"allow":["GET"]}}],"collection":[{"href":"https:\/\/www.jastrzebie.lask.com.pl\/index.php\/wp-json\/wp\/v2\/pages"}],"about":[{"href":"https:\/\/www.jastrzebie.lask.com.pl\/index.php\/wp-json\/wp\/v2\/types\/page"}],"author":[{"embeddable":true,"href":"https:\/\/www.jastrzebie.lask.com.pl\/index.php\/wp-json\/wp\/v2\/users\/120"}],"replies":[{"embeddable":true,"href":"https:\/\/www.jastrzebie.lask.com.pl\/index.php\/wp-json\/wp\/v2\/comments?post=3390"}],"version-history":[{"count":5,"href":"https:\/\/www.jastrzebie.lask.com.pl\/index.php\/wp-json\/wp\/v2\/pages\/3390\/revisions"}],"predecessor-version":[{"id":3410,"href":"https:\/\/www.jastrzebie.lask.com.pl\/index.php\/wp-json\/wp\/v2\/pages\/3390\/revisions\/3410"}],"up":[{"embeddable":true,"href":"https:\/\/www.jastrzebie.lask.com.pl\/index.php\/wp-json\/wp\/v2\/pages\/3216"}],"wp:attachment":[{"href":"https:\/\/www.jastrzebie.lask.com.pl\/index.php\/wp-json\/wp\/v2\/media?parent=3390"}],"curies":[{"name":"wp","href":"https:\/\/api.w.org\/{rel}","templated":true}]}}