{"id":3892,"date":"2015-05-31T11:54:13","date_gmt":"2015-05-31T09:54:13","guid":{"rendered":"http:\/\/www.jastrzebie.lask.com.pl\/?page_id=3892"},"modified":"2015-06-02T10:31:58","modified_gmt":"2015-06-02T08:31:58","slug":"trasa","status":"publish","type":"page","link":"https:\/\/www.jastrzebie.lask.com.pl\/index.php\/archiwum\/v-supermaraton\/trasa\/","title":{"rendered":"Trasa"},"content":{"rendered":"<p>Link do trasy <a href=\"http:\/\/www.bikemap.net\/en\/route\/3064844-v-supermaraton-jastrzebi-laskich-07062015\/\"><strong>Bikemap.net<\/strong><\/a><br \/>\n<!--\n\n\n<div style=\"background-color:#fff;\">\n<iframe loading=\"lazy\" src=\"http:\/\/www.bikemap.net\/en\/route\/3064844-v-supermaraton-jastrzebi-laskich-07062015\/widget\/?width=640&amp;extended=1&amp;distance_markers=1&amp;height=520&amp;unit=metric\" width=\"640\" height=\"668\" border=\"0\" frameborder=\"0\" marginheight=\"0\" marginwidth=\"0\" scrolling=\"no\"> <\/iframe> \n\n\n<div style=\"margin: -4px 0 0 5px; height: 16px; color: #000; font-family: sans-serif; font-size: 12px;\"> Route <a href=\"http:\/\/www.bikemap.net\/en\/route\/3064844-v-supermaraton-jastrzebi-laskich-07062015\/\" style=\"color:#2a88ac; text-decoration:underline;\" target=\"_blank\">3,064,844<\/a> - powered by <a href=\"http:\/\/www.bikemap.net\" style=\"color:#2a88ac; text-decoration:underline;\" target=\"_blank\">www.bikemap.net<\/a> <\/div>\n\n <\/div>\n\n\n--><\/p>\n<p>\nTrasa &#8211; jak to w \u015brodkowej Polsce jest p\u0142aska. Niewielkie dwie lub trzy g\u00f3rki niekt\u00f3rzy kolarze przyjm\u0105 z u\u015bmiechem politowania, ale inni mog\u0105 je zauwa\u017cy\u0107. Czasami jak powieje z zachodu &#8211; te\u017c jest niez\u0142a walka. \u015arednie powy\u017cej 40 km\/h nie s\u0105 rzadko\u015bci\u0105&#8230;<\/p>\n<p>Do pobrania:<br \/>\n<a href=\"http:\/\/www.jastrzebie.lask.com.pl\/wp-content\/uploads\/2015\/06\/VSupermaraton.kml\">trasa w formacie KML<\/a><br \/>\n<a href=\"http:\/\/www.jastrzebie.lask.com.pl\/wp-content\/uploads\/2015\/06\/VSupermaraton.gpx\">trasa w formacie GPX<\/a><\/p>\n","protected":false},"excerpt":{"rendered":"<p>Link do trasy Bikemap.net Trasa &#8211; jak to w \u015brodkowej Polsce jest p\u0142aska. Niewielkie dwie lub trzy g\u00f3rki niekt\u00f3rzy kolarze przyjm\u0105 z u\u015bmiechem politowania, ale inni mog\u0105 je zauwa\u017cy\u0107. Czasami jak powieje z zachodu &#8211; te\u017c jest niez\u0142a walka. \u015arednie &hellip; <a href=\"https:\/\/www.jastrzebie.lask.com.pl\/index.php\/archiwum\/v-supermaraton\/trasa\/\">Czytaj dalej <span class=\"meta-nav\">&rarr;<\/span><\/a><\/p>\n","protected":false},"author":120,"featured_media":0,"parent":3617,"menu_order":0,"comment_status":"open","ping_status":"open","template":"","meta":{"footnotes":""},"class_list":["post-3892","page","type-page","status-publish","hentry"],"_links":{"self":[{"href":"https:\/\/www.jastrzebie.lask.com.pl\/index.php\/wp-json\/wp\/v2\/pages\/3892","targetHints":{"allow":["GET"]}}],"collection":[{"href":"https:\/\/www.jastrzebie.lask.com.pl\/index.php\/wp-json\/wp\/v2\/pages"}],"about":[{"href":"https:\/\/www.jastrzebie.lask.com.pl\/index.php\/wp-json\/wp\/v2\/types\/page"}],"author":[{"embeddable":true,"href":"https:\/\/www.jastrzebie.lask.com.pl\/index.php\/wp-json\/wp\/v2\/users\/120"}],"replies":[{"embeddable":true,"href":"https:\/\/www.jastrzebie.lask.com.pl\/index.php\/wp-json\/wp\/v2\/comments?post=3892"}],"version-history":[{"count":10,"href":"https:\/\/www.jastrzebie.lask.com.pl\/index.php\/wp-json\/wp\/v2\/pages\/3892\/revisions"}],"predecessor-version":[{"id":3954,"href":"https:\/\/www.jastrzebie.lask.com.pl\/index.php\/wp-json\/wp\/v2\/pages\/3892\/revisions\/3954"}],"up":[{"embeddable":true,"href":"https:\/\/www.jastrzebie.lask.com.pl\/index.php\/wp-json\/wp\/v2\/pages\/3617"}],"wp:attachment":[{"href":"https:\/\/www.jastrzebie.lask.com.pl\/index.php\/wp-json\/wp\/v2\/media?parent=3892"}],"curies":[{"name":"wp","href":"https:\/\/api.w.org\/{rel}","templated":true}]}}