{"id":4165,"date":"2015-06-28T22:48:18","date_gmt":"2015-06-28T20:48:18","guid":{"rendered":"http:\/\/www.jastrzebie.lask.com.pl\/?page_id=4165"},"modified":"2015-06-30T22:10:01","modified_gmt":"2015-06-30T20:10:01","slug":"zdjecia-ii-truskawkowy-wyscig-rowerowy","status":"publish","type":"page","link":"https:\/\/www.jastrzebie.lask.com.pl\/index.php\/ii-truskawkowy-wyscig-rowerowy\/zdjecia-ii-truskawkowy-wyscig-rowerowy\/","title":{"rendered":"Zdj\u0119cia II Truskawkowy wy\u015bcig rowerowy"},"content":{"rendered":"<p><a href=\"https:\/\/drive.google.com\/a\/baseg.pl\/folderview?id=0B5IAH5jxH7JwVVJjTU83YUlnNUU&amp;usp=sharing\">Zdj\u0119cia z dekoracji oraz filmiki z mety<\/a><\/p>\n<p><a href=\"https:\/\/drive.google.com\/open?id=0B5IAH5jxH7JwRFZwLVRVRVdZQ1k&amp;authuser=0\">Finisz Slow Motion\u00a0<\/a><\/p>\n<p><a href=\"https:\/\/vimeo.com\/132059767\">Film z finiszu, uj\u0119cie z g\u00f3ry &#8211; normalna pr\u0119dko\u015b\u0107<\/a><\/p>\n<p><a href=\"https:\/\/drive.google.com\/folderview?id=0Bwty07BtVpq0fklzcnNBZWJNS0FmOEVmRkdjMk9nZ1ZXLXM0c0R2YW92YkhmYWk2OXJqcTg&amp;usp=sharing\">Zdj\u0119cia autorstwa Aleksandry Misztalskiej<\/a><\/p>\n<p><a href=\"https:\/\/vimeo.com\/user8706555\/videos\">Filmy autorstwa Micha\u0142 Trybuchowskiego<\/a><\/p>\n<p><a href=\"https:\/\/drive.google.com\/folderview?id=0B0JtaNgDWGMQfkdIYktuZzhSbElCZWdtQ2N1OGlGbWFmX3J6Vmx0aFJNYWcyWTV2VUFDX2M&amp;usp=sharing\">Zdj\u0119cia autorstwa Jakuba Oborowskiego<\/a><\/p>\n","protected":false},"excerpt":{"rendered":"<p>Zdj\u0119cia z dekoracji oraz filmiki z mety Finisz Slow Motion\u00a0 Film z finiszu, uj\u0119cie z g\u00f3ry &#8211; normalna pr\u0119dko\u015b\u0107 Zdj\u0119cia autorstwa Aleksandry Misztalskiej Filmy autorstwa Micha\u0142 Trybuchowskiego Zdj\u0119cia autorstwa Jakuba Oborowskiego<\/p>\n","protected":false},"author":120,"featured_media":0,"parent":4085,"menu_order":0,"comment_status":"open","ping_status":"open","template":"","meta":{"footnotes":""},"class_list":["post-4165","page","type-page","status-publish","hentry"],"_links":{"self":[{"href":"https:\/\/www.jastrzebie.lask.com.pl\/index.php\/wp-json\/wp\/v2\/pages\/4165","targetHints":{"allow":["GET"]}}],"collection":[{"href":"https:\/\/www.jastrzebie.lask.com.pl\/index.php\/wp-json\/wp\/v2\/pages"}],"about":[{"href":"https:\/\/www.jastrzebie.lask.com.pl\/index.php\/wp-json\/wp\/v2\/types\/page"}],"author":[{"embeddable":true,"href":"https:\/\/www.jastrzebie.lask.com.pl\/index.php\/wp-json\/wp\/v2\/users\/120"}],"replies":[{"embeddable":true,"href":"https:\/\/www.jastrzebie.lask.com.pl\/index.php\/wp-json\/wp\/v2\/comments?post=4165"}],"version-history":[{"count":7,"href":"https:\/\/www.jastrzebie.lask.com.pl\/index.php\/wp-json\/wp\/v2\/pages\/4165\/revisions"}],"predecessor-version":[{"id":4174,"href":"https:\/\/www.jastrzebie.lask.com.pl\/index.php\/wp-json\/wp\/v2\/pages\/4165\/revisions\/4174"}],"up":[{"embeddable":true,"href":"https:\/\/www.jastrzebie.lask.com.pl\/index.php\/wp-json\/wp\/v2\/pages\/4085"}],"wp:attachment":[{"href":"https:\/\/www.jastrzebie.lask.com.pl\/index.php\/wp-json\/wp\/v2\/media?parent=4165"}],"curies":[{"name":"wp","href":"https:\/\/api.w.org\/{rel}","templated":true}]}}