{"id":73,"date":"2010-12-31T00:14:23","date_gmt":"2010-12-31T00:14:23","guid":{"rendered":"http:\/\/pawellis.home.pl\/supermaraton\/index.php\/"},"modified":"2011-05-28T16:03:28","modified_gmt":"2011-05-28T16:03:28","slug":"trasa","status":"publish","type":"page","link":"https:\/\/www.jastrzebie.lask.com.pl\/index.php\/archiwum\/rowerowy-supermaraton\/trasa\/","title":{"rendered":"Trasa"},"content":{"rendered":"<p><iframe loading=\"lazy\" width=\"640\" height=\"500\" frameborder=\"0\" scrolling=\"no\" marginheight=\"0\" marginwidth=\"0\" src=\"http:\/\/maps.google.pl\/maps\/ms?hl=pl&amp;ie=UTF8&amp;source=embed&amp;msa=0&amp;msid=215633645509406003951.00049cd1a14c42da49541&amp;ll=51.519853,19.033813&amp;spn=0.21363,0.438766&amp;z=11&amp;output=embed\"><\/iframe><br \/><small><a target=\"_blank\" href=\"http:\/\/maps.google.pl\/maps\/ms?hl=pl&amp;ie=UTF8&amp;source=embed&amp;msa=0&amp;msid=215633645509406003951.00049cd1a14c42da49541&amp;ll=51.519853,19.033813&amp;spn=0.21363,0.438766&amp;z=11\" style=\"color:#0000FF;text-align:left\">Wy\u015bwietl wi\u0119ksz\u0105 map\u0119<\/a><\/small><\/p>\n<div style='margin-top:2px;margin-bottom:2px;width:640px;font-family:Arial,Helvetica,sans-serif;font-size:9px;color:#535353;background-color:#ffffff;border:none;font-style:normal;text-align:right;padding:0px;padding-bottom:3px !important;'><iframe width='640' height='644' border='0' src='http:\/\/www.bikemap.net\/route\/1004113\/widget?width=640&amp;height=520&amp;extended=true&amp;maptype=2&amp;unit=km&amp;redirect=no&amp;distance_markers=always' frameborder='0' marginheight='0' marginwidth='0' scrolling='no'><\/iframe><br \/>Trasa rowerowa <a style='color:#2a88ac; text-decoration:underline;' href='http:\/\/www.bikemap.net\/route\/1004113'>1004113<\/a> &#8211; powered by <a style='color:#2a88ac; text-decoration:underline;' href='http:\/\/www.bikemap.net'>Bikemap<\/a>&nbsp;<\/div>\n<p><a target=\"_blank\" href=\"http:\/\/www.bikemap.net\/route\/1004113\" style=\"color:#0000FF;text-align:left\">Wy\u015bwietl wi\u0119ksz\u0105 map\u0119<\/a><br \/>\n<br \/>\nTrasa &#8211; jak to w \u015brodkowej Polsce jest p\u0142aska. Niewielkie dwie lub trzy g\u00f3rki niekt\u00f3rzy kolarze przyjm\u0105 z u\u015bmiechem politowania, ale inni mog\u0105 je zauwa\u017cy\u0107. Czasami jak powieje z zachodu &#8211; te\u017c jest niez\u0142a walka. Zaawansowani twierdz\u0105, \u017ce \u015brednie powy\u017cej 40 km\/h nie b\u0119d\u0105 rzadko\u015bci\u0105&#8230;<\/p>\n<p>Wst\u0119pnie wybrali\u015bmy p\u0119tl\u0119 o d\u0142ugo\u015bci 93,3 km i\u00a0przyzwoitej nawierzchni. Start i meta w \u0141asku, na zamkni\u0119tym fragmencie ulicy, dalej kierunek Cz\u0119stochowa, ale po drodze odbijamy w lewo, w okolice lotniska. P\u00f3\u017aniej go\u015bcinna gmina Buczek, obje\u017cd\u017camy miasto Zel\u00f3w i jeszcze przed Be\u0142chatowem w\u00a0prawo na najd\u0142u\u017cszy prosty odcinek &#8211; TRAKT NAPOLEO\u0143SKI. Na szcz\u0119\u015bcie cz\u0119\u015b\u0107 tego traktu od czas\u00f3w Napoleona zosta\u0142a pokryta asfaltem&#8230;<\/p>\n<p>Po wjechaniu na teren powiatu Zdu\u0144skowolskiego\u00a0skr\u0119camy w prawo w okolicach Zapolic i dalej gmina S\u0119dziejowice i powr\u00f3t do \u0141asku. Dla Twardzieli jeszcze raz to samo, czyli razem 186,6 km. Oczywi\u015bcie wy\u015bcig odbywa si\u0119 przy ruchu otwartym wi\u0119c zasady ruchu drogowego b\u0119dziemy przypomina\u0107. Oznakowanie trasy, obstawienie skrzy\u017cowa\u0144 i trudniejszych miejsc w standardzie nie gorszym ni\u017c u Starszych Braci.<\/p>\n<p>Problem na razie tylko jeden &#8211; niestrze\u017cony przejazd kolejowy!!! Na szcz\u0119\u015bcie jest to odnoga tras kolejowych i bardzo rzadko\u00a0co\u015b tam je\u017adzi &#8211; jeszcze o tym my\u015blimy.<\/p>\n","protected":false},"excerpt":{"rendered":"<p>Wy\u015bwietl wi\u0119ksz\u0105 map\u0119 Trasa rowerowa 1004113 &#8211; powered by Bikemap&nbsp; Wy\u015bwietl wi\u0119ksz\u0105 map\u0119 Trasa &#8211; jak to w \u015brodkowej Polsce jest p\u0142aska. Niewielkie dwie lub trzy g\u00f3rki niekt\u00f3rzy kolarze przyjm\u0105 z u\u015bmiechem politowania, ale inni mog\u0105 je zauwa\u017cy\u0107. Czasami jak &hellip; <a href=\"https:\/\/www.jastrzebie.lask.com.pl\/index.php\/archiwum\/rowerowy-supermaraton\/trasa\/\">Czytaj dalej <span class=\"meta-nav\">&rarr;<\/span><\/a><\/p>\n","protected":false},"author":1,"featured_media":0,"parent":69,"menu_order":2,"comment_status":"closed","ping_status":"closed","template":"","meta":{"footnotes":""},"class_list":["post-73","page","type-page","status-publish","hentry"],"_links":{"self":[{"href":"https:\/\/www.jastrzebie.lask.com.pl\/index.php\/wp-json\/wp\/v2\/pages\/73","targetHints":{"allow":["GET"]}}],"collection":[{"href":"https:\/\/www.jastrzebie.lask.com.pl\/index.php\/wp-json\/wp\/v2\/pages"}],"about":[{"href":"https:\/\/www.jastrzebie.lask.com.pl\/index.php\/wp-json\/wp\/v2\/types\/page"}],"author":[{"embeddable":true,"href":"https:\/\/www.jastrzebie.lask.com.pl\/index.php\/wp-json\/wp\/v2\/users\/1"}],"replies":[{"embeddable":true,"href":"https:\/\/www.jastrzebie.lask.com.pl\/index.php\/wp-json\/wp\/v2\/comments?post=73"}],"version-history":[{"count":23,"href":"https:\/\/www.jastrzebie.lask.com.pl\/index.php\/wp-json\/wp\/v2\/pages\/73\/revisions"}],"predecessor-version":[{"id":738,"href":"https:\/\/www.jastrzebie.lask.com.pl\/index.php\/wp-json\/wp\/v2\/pages\/73\/revisions\/738"}],"up":[{"embeddable":true,"href":"https:\/\/www.jastrzebie.lask.com.pl\/index.php\/wp-json\/wp\/v2\/pages\/69"}],"wp:attachment":[{"href":"https:\/\/www.jastrzebie.lask.com.pl\/index.php\/wp-json\/wp\/v2\/media?parent=73"}],"curies":[{"name":"wp","href":"https:\/\/api.w.org\/{rel}","templated":true}]}}